{"id":332,"date":"2021-02-08T12:14:14","date_gmt":"2021-02-08T11:14:14","guid":{"rendered":"https:\/\/www.thebridges.de\/?page_id=332"},"modified":"2021-02-22T20:43:24","modified_gmt":"2021-02-22T19:43:24","slug":"imprint","status":"publish","type":"page","link":"https:\/\/www.thebridges.de\/en\/imprint\/","title":{"rendered":"Imprint"},"content":{"rendered":"<div class=\"wpb-content-wrapper\"><p>[vc_row css=&#8221;.vc_custom_1612396917370{margin-top: 100px !important;}&#8221; el_id=&#8221;impressum&#8221;][vc_column width=&#8221;1\/6&#8243;][\/vc_column][vc_column width=&#8221;4\/6&#8243;][vc_column_text]<\/p>\n<h1>Imprint<\/h1>\n<p>the bridges GmbH<br \/>\nhead office:<br \/>\nLiebermannstr. 9a<br \/>\n86356 Neus\u00e4\u00df<\/p>\n<h3>Represented by:<\/h3>\n<p>the managing director Arnd Schreitm\u00fcller<\/p>\n<h3>Contact:<\/h3>\n<p>Phone: <a href=\"tel:+4982179663226\">+49 (0) 821 79663226<\/a><br \/>\nE-mail: <a href=\"mailto:info@thebridges.de\">info@thebridges.de<\/a><\/p>\n<h3>Registry:<\/h3>\n<p>Register court: Amtsgericht Augsburg<br \/>\nCorporate ID number: <span class=\"\">HRB 35711<\/span><\/p>\n<h3>VAT:<\/h3>\n<p>Sales tax identification number according to \u00a7 27 a Umsatzsteuergesetz:<br \/>\n[requested]<\/p>\n<h3>Responsible for the content according to \u00a7 55 Abs. 2 RStV:<\/h3>\n<p>Arnd Schreitm\u00fcller<\/p>\n<h3>Dispute resolution<\/h3>\n<p>The European Commission provides a platform for online dispute resolution (OS):\u00a0<a href=\"https:\/\/ec.europa.eu\/consumers\/odr\/main\/index.cfm?event=main.home.chooseLanguage\">https:\/\/ec.europa.eu\/consumers\/odr<\/a>.<\/p>\n<p>We are not willing or obliged to participate in dispute resolution proceedings before a consumer arbitration board.<\/p>\n<p>You can find our e-mail address in the imprint above.<\/p>\n<h3>Copyright<\/h3>\n<p>Our Internet pages offer you a wide range of information, which is updated regularly. You can save our information and set up links to our pages. When linking to commercial providers, our pages must be the sole component of the navigator window and we must be evident as the source. The information must not be altered or falsified.[\/vc_column_text][\/vc_column][vc_column width=&#8221;1\/6&#8243;][\/vc_column][\/vc_row]<\/p>\n<\/div>","protected":false},"excerpt":{"rendered":"<p>[vc_row css=&#8221;.vc_custom_1612396917370{margin-top: 100px !important;}&#8221; el_id=&#8221;impressum&#8221;][vc_column width=&#8221;1\/6&#8243;][\/vc_column][vc_column width=&#8221;4\/6&#8243;][vc_column_text] Imprint the bridges GmbH head office: Liebermannstr. 9a 86356 Neus\u00e4\u00df Represented by: the managing director Arnd Schreitm\u00fcller Contact: Phone: +49 (0) 821 79663226 E-mail: info@thebridges.de Registry: Register court: Amtsgericht Augsburg Corporate ID number: HRB 35711 VAT: Sales tax identification number according to \u00a7 27 a Umsatzsteuergesetz: [requested] Responsible&hellip;<\/p>\n","protected":false},"author":3,"featured_media":0,"parent":0,"menu_order":900,"comment_status":"closed","ping_status":"closed","template":"","meta":{"_acf_changed":false,"inline_featured_image":false,"footnotes":""},"class_list":["post-332","page","type-page","status-publish","hentry"],"acf":[],"yoast_head":"<!-- This site is optimized with the Yoast SEO plugin v27.1.1 - https:\/\/yoast.com\/product\/yoast-seo-wordpress\/ -->\n<title>Imprint &#8211; The Bridges<\/title>\n<meta name=\"robots\" content=\"index, follow, max-snippet:-1, max-image-preview:large, max-video-preview:-1\" \/>\n<link rel=\"canonical\" href=\"https:\/\/www.thebridges.de\/en\/imprint\/\" \/>\n<meta property=\"og:locale\" content=\"en_US\" \/>\n<meta property=\"og:type\" content=\"article\" \/>\n<meta property=\"og:title\" content=\"Imprint &#8211; The Bridges\" \/>\n<meta property=\"og:description\" content=\"[vc_row css=&#8221;.vc_custom_1612396917370{margin-top: 100px !important;}&#8221; el_id=&#8221;impressum&#8221;][vc_column width=&#8221;1\/6&#8243;][\/vc_column][vc_column width=&#8221;4\/6&#8243;][vc_column_text] Imprint the bridges GmbH head office: Liebermannstr. 9a 86356 Neus\u00e4\u00df Represented by: the managing director Arnd Schreitm\u00fcller Contact: Phone: +49 (0) 821 79663226 E-mail: info@thebridges.de Registry: Register court: Amtsgericht Augsburg Corporate ID number: HRB 35711 VAT: Sales tax identification number according to \u00a7 27 a Umsatzsteuergesetz: [requested] Responsible&hellip;\" \/>\n<meta property=\"og:url\" content=\"https:\/\/www.thebridges.de\/en\/imprint\/\" \/>\n<meta property=\"og:site_name\" content=\"The Bridges\" \/>\n<meta property=\"article:modified_time\" content=\"2021-02-22T19:43:24+00:00\" \/>\n<meta name=\"twitter:card\" content=\"summary_large_image\" \/>\n<meta name=\"twitter:label1\" content=\"Est. reading time\" \/>\n\t<meta name=\"twitter:data1\" content=\"1 minute\" \/>\n<script type=\"application\/ld+json\" class=\"yoast-schema-graph\">{\"@context\":\"https:\/\/schema.org\",\"@graph\":[{\"@type\":\"WebPage\",\"@id\":\"https:\/\/www.thebridges.de\/en\/imprint\/\",\"url\":\"https:\/\/www.thebridges.de\/en\/imprint\/\",\"name\":\"Imprint &#8211; The Bridges\",\"isPartOf\":{\"@id\":\"https:\/\/www.thebridges.de\/en\/#website\"},\"datePublished\":\"2021-02-08T11:14:14+00:00\",\"dateModified\":\"2021-02-22T19:43:24+00:00\",\"breadcrumb\":{\"@id\":\"https:\/\/www.thebridges.de\/en\/imprint\/#breadcrumb\"},\"inLanguage\":\"en-US\",\"potentialAction\":[{\"@type\":\"ReadAction\",\"target\":[\"https:\/\/www.thebridges.de\/en\/imprint\/\"]}]},{\"@type\":\"BreadcrumbList\",\"@id\":\"https:\/\/www.thebridges.de\/en\/imprint\/#breadcrumb\",\"itemListElement\":[{\"@type\":\"ListItem\",\"position\":1,\"name\":\"Startseite\",\"item\":\"https:\/\/www.thebridges.de\/en\/\"},{\"@type\":\"ListItem\",\"position\":2,\"name\":\"Imprint\"}]},{\"@type\":\"WebSite\",\"@id\":\"https:\/\/www.thebridges.de\/en\/#website\",\"url\":\"https:\/\/www.thebridges.de\/en\/\",\"name\":\"The Bridges\",\"description\":\"\",\"publisher\":{\"@id\":\"https:\/\/www.thebridges.de\/en\/#organization\"},\"potentialAction\":[{\"@type\":\"SearchAction\",\"target\":{\"@type\":\"EntryPoint\",\"urlTemplate\":\"https:\/\/www.thebridges.de\/en\/?s={search_term_string}\"},\"query-input\":{\"@type\":\"PropertyValueSpecification\",\"valueRequired\":true,\"valueName\":\"search_term_string\"}}],\"inLanguage\":\"en-US\"},{\"@type\":\"Organization\",\"@id\":\"https:\/\/www.thebridges.de\/en\/#organization\",\"name\":\"the bridges GmbH\",\"url\":\"https:\/\/www.thebridges.de\/en\/\",\"logo\":{\"@type\":\"ImageObject\",\"inLanguage\":\"en-US\",\"@id\":\"https:\/\/www.thebridges.de\/en\/#\/schema\/logo\/image\/\",\"url\":\"https:\/\/www.thebridges.de\/wp-content\/uploads\/2021\/02\/tb_logo_rgb.svg\",\"contentUrl\":\"https:\/\/www.thebridges.de\/wp-content\/uploads\/2021\/02\/tb_logo_rgb.svg\",\"width\":\"1024\",\"height\":\"1024\",\"caption\":\"the bridges GmbH\"},\"image\":{\"@id\":\"https:\/\/www.thebridges.de\/en\/#\/schema\/logo\/image\/\"}}]}<\/script>\n<!-- \/ Yoast SEO plugin. -->","yoast_head_json":{"title":"Imprint &#8211; The Bridges","robots":{"index":"index","follow":"follow","max-snippet":"max-snippet:-1","max-image-preview":"max-image-preview:large","max-video-preview":"max-video-preview:-1"},"canonical":"https:\/\/www.thebridges.de\/en\/imprint\/","og_locale":"en_US","og_type":"article","og_title":"Imprint &#8211; The Bridges","og_description":"[vc_row css=&#8221;.vc_custom_1612396917370{margin-top: 100px !important;}&#8221; el_id=&#8221;impressum&#8221;][vc_column width=&#8221;1\/6&#8243;][\/vc_column][vc_column width=&#8221;4\/6&#8243;][vc_column_text] Imprint the bridges GmbH head office: Liebermannstr. 9a 86356 Neus\u00e4\u00df Represented by: the managing director Arnd Schreitm\u00fcller Contact: Phone: +49 (0) 821 79663226 E-mail: info@thebridges.de Registry: Register court: Amtsgericht Augsburg Corporate ID number: HRB 35711 VAT: Sales tax identification number according to \u00a7 27 a Umsatzsteuergesetz: [requested] Responsible&hellip;","og_url":"https:\/\/www.thebridges.de\/en\/imprint\/","og_site_name":"The Bridges","article_modified_time":"2021-02-22T19:43:24+00:00","twitter_card":"summary_large_image","twitter_misc":{"Est. reading time":"1 minute"},"schema":{"@context":"https:\/\/schema.org","@graph":[{"@type":"WebPage","@id":"https:\/\/www.thebridges.de\/en\/imprint\/","url":"https:\/\/www.thebridges.de\/en\/imprint\/","name":"Imprint &#8211; The Bridges","isPartOf":{"@id":"https:\/\/www.thebridges.de\/en\/#website"},"datePublished":"2021-02-08T11:14:14+00:00","dateModified":"2021-02-22T19:43:24+00:00","breadcrumb":{"@id":"https:\/\/www.thebridges.de\/en\/imprint\/#breadcrumb"},"inLanguage":"en-US","potentialAction":[{"@type":"ReadAction","target":["https:\/\/www.thebridges.de\/en\/imprint\/"]}]},{"@type":"BreadcrumbList","@id":"https:\/\/www.thebridges.de\/en\/imprint\/#breadcrumb","itemListElement":[{"@type":"ListItem","position":1,"name":"Startseite","item":"https:\/\/www.thebridges.de\/en\/"},{"@type":"ListItem","position":2,"name":"Imprint"}]},{"@type":"WebSite","@id":"https:\/\/www.thebridges.de\/en\/#website","url":"https:\/\/www.thebridges.de\/en\/","name":"The Bridges","description":"","publisher":{"@id":"https:\/\/www.thebridges.de\/en\/#organization"},"potentialAction":[{"@type":"SearchAction","target":{"@type":"EntryPoint","urlTemplate":"https:\/\/www.thebridges.de\/en\/?s={search_term_string}"},"query-input":{"@type":"PropertyValueSpecification","valueRequired":true,"valueName":"search_term_string"}}],"inLanguage":"en-US"},{"@type":"Organization","@id":"https:\/\/www.thebridges.de\/en\/#organization","name":"the bridges GmbH","url":"https:\/\/www.thebridges.de\/en\/","logo":{"@type":"ImageObject","inLanguage":"en-US","@id":"https:\/\/www.thebridges.de\/en\/#\/schema\/logo\/image\/","url":"https:\/\/www.thebridges.de\/wp-content\/uploads\/2021\/02\/tb_logo_rgb.svg","contentUrl":"https:\/\/www.thebridges.de\/wp-content\/uploads\/2021\/02\/tb_logo_rgb.svg","width":"1024","height":"1024","caption":"the bridges GmbH"},"image":{"@id":"https:\/\/www.thebridges.de\/en\/#\/schema\/logo\/image\/"}}]}},"_links":{"self":[{"href":"https:\/\/www.thebridges.de\/en\/wp-json\/wp\/v2\/pages\/332","targetHints":{"allow":["GET"]}}],"collection":[{"href":"https:\/\/www.thebridges.de\/en\/wp-json\/wp\/v2\/pages"}],"about":[{"href":"https:\/\/www.thebridges.de\/en\/wp-json\/wp\/v2\/types\/page"}],"author":[{"embeddable":true,"href":"https:\/\/www.thebridges.de\/en\/wp-json\/wp\/v2\/users\/3"}],"replies":[{"embeddable":true,"href":"https:\/\/www.thebridges.de\/en\/wp-json\/wp\/v2\/comments?post=332"}],"version-history":[{"count":4,"href":"https:\/\/www.thebridges.de\/en\/wp-json\/wp\/v2\/pages\/332\/revisions"}],"predecessor-version":[{"id":532,"href":"https:\/\/www.thebridges.de\/en\/wp-json\/wp\/v2\/pages\/332\/revisions\/532"}],"wp:attachment":[{"href":"https:\/\/www.thebridges.de\/en\/wp-json\/wp\/v2\/media?parent=332"}],"curies":[{"name":"wp","href":"https:\/\/api.w.org\/{rel}","templated":true}]}}